{"id":297,"date":"2026-02-03T19:46:47","date_gmt":"2026-02-03T19:46:47","guid":{"rendered":"https:\/\/www.compuadultos.com\/2026\/?page_id=297"},"modified":"2026-02-05T22:20:57","modified_gmt":"2026-02-05T22:20:57","slug":"ciberseguridad-modulo-1","status":"publish","type":"page","link":"https:\/\/www.compuadultos.com\/2026\/ciberseguridad-modulo-1\/","title":{"rendered":"Ciberseguridad: M\u00f3dulo 1"},"content":{"rendered":"[vc_row full_width=\u00bbstretch_row\u00bb content_placement=\u00bbmiddle\u00bb remove_bottom_col_margin=\u00bbtrue\u00bb css=\u00bb.vc_custom_1770211976853{padding-top: 30px !important;padding-bottom: 30px !important;background-color: #c4b592 !important;}\u00bb][vc_column]<div class=\"vcex-module vcex-icon-box vcex-icon-box-one wpex-relative wpex-flex wpex-text-left module-title\"><div class=\"vcex-icon-box-symbol wpex-flex-shrink-0 wpex-mr-20\"><img decoding=\"async\" loading=\"lazy\" class=\"vcex-icon-box-image wpex-align-middle\" style=\"width:150px;\" src=\"https:\/\/www.compuadultos.com\/2026\/wp-content\/uploads\/2026\/02\/icon_ciber_01-150x123.png\" alt=\"\" width=\"150\" height=\"123\" \/><\/a><\/div><div class=\"vcex-icon-box-text wpex-flex-grow\"><h2 class=\"vcex-icon-box-heading wpex-heading wpex-text-md wpex-mb-10\" style=\"font-weight:600;color:#7a705a;\">M\u00d3DULO 1<\/h2><div class=\"vcex-icon-box-content wpex-last-mb-0 wpex-clr\" style=\"color:#ffffff;font-weight:600;\"><p><span style=\"font-size: 36px\"><strong>Introducci\u00f3n a la ciberseguridad<\/strong><\/span><\/p>\n<p><span style=\"font-size: 21px\">Conceptos b\u00e1sicos y amenazas m\u00e1s comunes<\/span><\/p>\n<\/div><\/div><\/div>[\/vc_column][\/vc_row][vc_section content_placement=\u00bbmiddle\u00bb local_scroll_id=\u00bbquienes-somos\u00bb][vc_row full_width=\u00bbstretch_row_content_no_spaces\u00bb content_placement=\u00bbmiddle\u00bb equal_height=\u00bbyes\u00bb remove_bottom_col_margin=\u00bbtrue\u00bb][vc_column width=\u00bb1\/2&#8243; css=\u00bb.vc_custom_1770329186736{background-image: url(https:\/\/www.compuadultos.com\/2026\/wp-content\/uploads\/2026\/02\/compuadultos-ciberseguridad-modulo-1-sin-play.jpg?id=370) !important;background-position: center !important;background-repeat: no-repeat !important;background-size: cover !important;}\u00bb min_height=\u00bb500px\u00bb][\/vc_column][vc_column width=\u00bb1\/2&#8243; css=\u00bb.vc_custom_1622492359278{padding-top: 30px !important;padding-right: 50px !important;padding-bottom: 30px !important;padding-left: 50px !important;background-color: #424243 !important;}\u00bb min_height=\u00bb400px\u00bb][vc_custom_heading text=\u00bbM\u00f3dulo 1 \u2013 Introducci\u00f3n a la ciberseguridad\u00bb font_container=\u00bbtag:h2|font_size:30px|text_align:left\u00bb use_theme_fonts=\u00bbyes\u00bb el_class=\u00bbtitulos-white\u00bb css=\u00bb.vc_custom_1770329270711{padding-bottom: 20px !important;}\u00bb][vc_separator color=\u00bbcustom\u00bb align=\u00bbalign_left\u00bb border_width=\u00bb2&#8243; el_width=\u00bb10&#8243; accent_color=\u00bb#f32735&#8243;][vc_column_text css=\u00bb.vc_custom_1770329209219{padding-top: 40px !important;}\u00bb color=\u00bb#ffffff\u00bb]La ciberseguridad refiere al conjunto de pr\u00e1cticas y cuidados que permiten proteger la informaci\u00f3n personal, los dispositivos y la identidad digital de las personas cuando utilizan tecnolog\u00edas y servicios en l\u00ednea. En este m\u00f3dulo se abordan los riesgos m\u00e1s comunes y la importancia de adoptar h\u00e1bitos seguros en el uso cotidiano de internet.[\/vc_column_text][\/vc_column][\/vc_row][\/vc_section][vc_row full_width=\u00bbstretch_row\u00bb content_placement=\u00bbmiddle\u00bb remove_bottom_col_margin=\u00bbtrue\u00bb css=\u00bb.vc_custom_1770148824383{padding-top: 6px !important;padding-bottom: 6px !important;background-color: #ded1b5 !important;}\u00bb][vc_column][vc_column_text color=\u00bb#7a705a\u00bb]<span style=\"font-size: 21px;\"><strong>Cuestionario de autoevaluaci\u00f3n:<\/strong><\/span>[\/vc_column_text][\/vc_column][\/vc_row][vc_row full_width=\u00bbstretch_row\u00bb content_placement=\u00bbmiddle\u00bb remove_bottom_col_margin=\u00bbtrue\u00bb css=\u00bb.vc_custom_1770149408561{padding-top: 30px !important;padding-bottom: 30px !important;background-color: #cec0a2 !important;}\u00bb][vc_column][vc_raw_html]JTNDZGl2JTIwc3R5bGUlM0QlMjJjb2xvciUzQSUyMCUyMzdhNzA1YSUzQiUyMiUzRSUwQSUwQSUyMCUyMCUzQ3AlMjBzdHlsZSUzRCUyMm1hcmdpbiUzQSUyMDAlMjAwJTIwMTVweCUyMDAlM0IlMjIlM0UlM0NzdHJvbmclM0VDdWFuZG8lMjB1cyVDMyVBMXMlMjBpbnRlcm5ldCUyQyUyMCVDMiVCRnF1JUMzJUE5JTIwYWNjaSVDMyVCM24lMjBheXVkYSUyMGElMjBwcm90ZWdlciUyMHR1JTIwaW5mb3JtYWNpJUMzJUIzbiUyMHBlcnNvbmFsJTNGJTNDJTJGc3Ryb25nJTNFJTNDJTJGcCUzRSUwQSUwQSUyMCUyMCUzQ2RpdiUyMHN0eWxlJTNEJTIyZGlzcGxheSUzQSUyMGdyaWQlM0IlMjBnYXAlM0ElMjAzMHB4JTNCJTIyJTNFJTBBJTIwJTIwJTIwJTIwJTNDbGFiZWwlMjBzdHlsZSUzRCUyMmN1cnNvciUzQSUyMHBvaW50ZXIlM0IlMjIlM0UlMEElMjAlMjAlMjAlMjAlMjAlMjAlM0NpbnB1dCUyMHR5cGUlM0QlMjJyYWRpbyUyMiUyMG5hbWUlM0QlMjJyZXNwdWVzdGElMjIlMjB2YWx1ZSUzRCUyMmElMjIlM0VBJTI5JTIwQ29tcGFydGlyJTIwdHVzJTIwZGF0b3MlMjBzb2xvJTIwZW4lMjBzaXRpb3MlMjB5JTIwYXBsaWNhY2lvbmVzJTIwY29uZmlhYmxlcy4lMEElMjAlMjAlMjAlMjAlM0MlMkZsYWJlbCUzRSUwQSUwQSUyMCUyMCUyMCUyMCUzQ2xhYmVsJTIwc3R5bGUlM0QlMjJjdXJzb3IlM0ElMjBwb2ludGVyJTNCJTIyJTNFJTBBJTIwJTIwJTIwJTIwJTIwJTIwJTNDaW5wdXQlMjB0eXBlJTNEJTIycmFkaW8lMjIlMjBuYW1lJTNEJTIycmVzcHVlc3RhJTIyJTIwdmFsdWUlM0QlMjJiJTIyJTNFQiUyOSUyMEFub3RhciUyMHR1cyUyMGRhdG9zJTIwZW4lMjBjdWFscXVpZXIlMjBwJUMzJUExZ2luYSUyMHF1ZSUyMGxvcyUyMHBpZGEuJTBBJTIwJTIwJTIwJTIwJTNDJTJGbGFiZWwlM0UlMEElMEElMjAlMjAlMjAlMjAlM0NsYWJlbCUyMHN0eWxlJTNEJTIyY3Vyc29yJTNBJTIwcG9pbnRlciUzQiUyMiUzRSUwQSUyMCUyMCUyMCUyMCUyMCUyMCUzQ2lucHV0JTIwdHlwZSUzRCUyMnJhZGlvJTIyJTIwbmFtZSUzRCUyMnJlc3B1ZXN0YSUyMiUyMHZhbHVlJTNEJTIyYyUyMiUzRUMlMjklMjBVc2FyJTIwc2llbXByZSUyMGxhJTIwbWlzbWElMjBjb250cmFzZSVDMyVCMWElMjBwYXJhJTIwdG9kby4lMEElMjAlMjAlMjAlMjAlM0MlMkZsYWJlbCUzRSUwQSUyMCUyMCUzQyUyRmRpdiUzRSUwQSUwQSUyMCUyMCUzQ2JyJTNFJTBBJTIwJTIwJTNDYnV0dG9uJTIwdHlwZSUzRCUyMmJ1dHRvbiUyMiUyMG9uY2xpY2slM0QlMjJ2ZXJpZmljYXJSZXNwdWVzdGElMjglMjklMjIlMjBzdHlsZSUzRCUyMmJhY2tncm91bmQtY29sb3IlM0ElMjAlMjM0YTRhNGElM0IlMjBjb2xvciUzQSUyMHdoaXRlJTNCJTIwcGFkZGluZyUzQSUyMDhweCUyMDIwcHglM0IlMjBib3JkZXIlM0ElMjBub25lJTNCJTIwY3Vyc29yJTNBJTIwcG9pbnRlciUzQiUyMiUzRUVudmlhciUzQyUyRmJ1dHRvbiUzRSUwQSUwQSUyMCUyMCUzQ3AlMjBpZCUzRCUyMnJlc3VsdGFkbyUyMiUyMHN0eWxlJTNEJTIybWFyZ2luLXRvcCUzQSUyMDE1cHglM0IlMjBmb250LXdlaWdodCUzQSUyMGJvbGQlM0IlMjIlM0UlM0MlMkZwJTNFJTBBJTNDJTJGZGl2JTNFJTBBJTBBJTNDc2NyaXB0JTNFJTBBZnVuY3Rpb24lMjB2ZXJpZmljYXJSZXNwdWVzdGElMjglMjklMjAlN0IlMEElMjAlMjB2YXIlMjByZXNwdWVzdGFTZWxlY2Npb25hZGElMjAlM0QlMjBkb2N1bWVudC5xdWVyeVNlbGVjdG9yJTI4JTI3aW5wdXQlNUJuYW1lJTNEJTIycmVzcHVlc3RhJTIyJTVEJTNBY2hlY2tlZCUyNyUyOSUzQiUwQSUyMCUyMHZhciUyMHJlc3VsdGFkbyUyMCUzRCUyMGRvY3VtZW50LmdldEVsZW1lbnRCeUlkJTI4JTI3cmVzdWx0YWRvJTI3JTI5JTNCJTBBJTBBJTIwJTIwaWYlMjAlMjglMjFyZXNwdWVzdGFTZWxlY2Npb25hZGElMjklMjAlN0IlMEElMjAlMjAlMjAlMjByZXN1bHRhZG8uaW5uZXJIVE1MJTIwJTNEJTIwJTI3UG9yJTIwZmF2b3IlMkMlMjBzZWxlY2Npb25hJTIwdW5hJTIwcmVzcHVlc3RhLiUyNyUzQiUwQSUyMCUyMCUyMCUyMHJlc3VsdGFkby5zdHlsZS5jb2xvciUyMCUzRCUyMCUyNyUyMzY2NiUyNyUzQiUwQSUyMCUyMCUyMCUyMHJldHVybiUzQiUwQSUyMCUyMCU3RCUwQSUwQSUyRiUyRiUyMERlc2hhYmlsaXRhciUyMHRvZGFzJTIwbGFzJTIwb3BjaW9uZXMlMEElMjAlMjB2YXIlMjBvcGNpb25lcyUyMCUzRCUyMGRvY3VtZW50LnF1ZXJ5U2VsZWN0b3JBbGwlMjglMjdpbnB1dCU1Qm5hbWUlM0QlMjJyZXNwdWVzdGElMjIlNUQlMjclMjklM0IlMEElMjAlMjBvcGNpb25lcy5mb3JFYWNoJTI4ZnVuY3Rpb24lMjhvcGNpb24lMjklMjAlN0IlMEElMjAlMjAlMjAlMjBvcGNpb24uZGlzYWJsZWQlMjAlM0QlMjB0cnVlJTNCJTBBJTIwJTIwJTdEJTI5JTNCJTBBJTBBJTIwJTIwaWYlMjAlMjhyZXNwdWVzdGFTZWxlY2Npb25hZGEudmFsdWUlMjAlM0QlM0QlM0QlMjAlMjdhJTI3JTI5JTIwJTdCJTBBJTIwJTIwJTIwJTIwcmVzdWx0YWRvLmlubmVySFRNTCUyMCUzRCUyMCUyN1Jlc3B1ZXN0YSUyMGNvcnJlY3RhJTI3JTNCJTBBJTIwJTIwJTIwJTIwcmVzdWx0YWRvLnN0eWxlLmNvbG9yJTIwJTNEJTIwJTI3Z3JlZW4lMjclM0IlMEElMjAlMjAlN0QlMjBlbHNlJTIwJTdCJTBBJTIwJTIwJTIwJTIwcmVzdWx0YWRvLmlubmVySFRNTCUyMCUzRCUyMCUyN1Jlc3B1ZXN0YSUyMGluY29ycmVjdGEuJTIwQ29uc3VsdGUlMjBhbCUyMGRvY2VudGUlMjclM0IlMEElMjAlMjAlMjAlMjByZXN1bHRhZG8uc3R5bGUuY29sb3IlMjAlM0QlMjAlMjdyZWQlMjclM0IlMEElMjAlMjAlN0QlMEElN0QlMEElM0MlMkZzY3JpcHQlM0UlMEE=[\/vc_raw_html][\/vc_column][\/vc_row][vc_row full_width=\u00bbstretch_row_content\u00bb remove_bottom_col_margin=\u00bbtrue\u00bb css=\u00bb.vc_custom_1770329880902{padding-bottom: 18px !important;}\u00bb][vc_column width=\u00bb1\/6&#8243;][\/vc_column][vc_column width=\u00bb1\/6&#8243;][\/vc_column][vc_column width=\u00bb1\/6&#8243;][\/vc_column][vc_column width=\u00bb1\/6&#8243;][\/vc_column][vc_column width=\u00bb1\/6&#8243;][\/vc_column][vc_column width=\u00bb1\/6&#8243;][vc_column_text el_class=\u00bbir-a-modulo\u00bb css=\u00bb.vc_custom_1770150847180{margin-top: 20px !important;}\u00bb]\n<p style=\"text-align: center;\"><strong>IR A M\u00d3DULO 2 <\/strong><a href=\"https:\/\/www.compuadultos.com\/2026\/ciberseguridad-modulo-2\/\"><span class=\"ticon ticon-long-arrow-right\"><\/span><\/a><\/p>\n[\/vc_column_text][\/vc_column][\/vc_row]\n","protected":false},"excerpt":{"rendered":"<p>[vc_row full_width=\u00bbstretch_row\u00bb content_placement=\u00bbmiddle\u00bb remove_bottom_col_margin=\u00bbtrue\u00bb css=\u00bb.vc_custom_1770211976853{padding-top: 30px !important;padding-bottom: 30px !important;background-color: #c4b592 !important;}\u00bb][vc_column][\/vc_column][\/vc_row][vc_section content_placement=\u00bbmiddle\u00bb local_scroll_id=\u00bbquienes-somos\u00bb][vc_row full_width=\u00bbstretch_row_content_no_spaces\u00bb content_placement=\u00bbmiddle\u00bb equal_height=\u00bbyes\u00bb remove_bottom_col_margin=\u00bbtrue\u00bb][vc_column width=\u00bb1\/2&#8243; css=\u00bb.vc_custom_1770329186736{background-image: url(https:\/\/www.compuadultos.com\/2026\/wp-content\/uploads\/2026\/02\/compuadultos-ciberseguridad-modulo-1-sin-play.jpg?id=370) !important;background-position: center !important;background-repeat: no-repeat !important;background-size: cover !important;}\u00bb min_height=\u00bb500px\u00bb][\/vc_column][vc_column width=\u00bb1\/2&#8243; css=\u00bb.vc_custom_1622492359278{padding-top: 30px !important;padding-right: 50px !important;padding-bottom: 30px !important;padding-left: 50px !important;background-color: #424243 !important;}\u00bb&hellip;<\/p>\n","protected":false},"author":1,"featured_media":0,"parent":0,"menu_order":0,"comment_status":"closed","ping_status":"closed","template":"","meta":{"footnotes":""},"class_list":["post-297","page","type-page","status-publish","hentry","entry","no-media"],"_links":{"self":[{"href":"https:\/\/www.compuadultos.com\/2026\/wp-json\/wp\/v2\/pages\/297","targetHints":{"allow":["GET"]}}],"collection":[{"href":"https:\/\/www.compuadultos.com\/2026\/wp-json\/wp\/v2\/pages"}],"about":[{"href":"https:\/\/www.compuadultos.com\/2026\/wp-json\/wp\/v2\/types\/page"}],"author":[{"embeddable":true,"href":"https:\/\/www.compuadultos.com\/2026\/wp-json\/wp\/v2\/users\/1"}],"replies":[{"embeddable":true,"href":"https:\/\/www.compuadultos.com\/2026\/wp-json\/wp\/v2\/comments?post=297"}],"version-history":[{"count":62,"href":"https:\/\/www.compuadultos.com\/2026\/wp-json\/wp\/v2\/pages\/297\/revisions"}],"predecessor-version":[{"id":393,"href":"https:\/\/www.compuadultos.com\/2026\/wp-json\/wp\/v2\/pages\/297\/revisions\/393"}],"wp:attachment":[{"href":"https:\/\/www.compuadultos.com\/2026\/wp-json\/wp\/v2\/media?parent=297"}],"curies":[{"name":"wp","href":"https:\/\/api.w.org\/{rel}","templated":true}]}}