{"id":322,"date":"2026-02-03T20:32:28","date_gmt":"2026-02-03T20:32:28","guid":{"rendered":"https:\/\/www.compuadultos.com\/2026\/?page_id=322"},"modified":"2026-02-05T22:24:45","modified_gmt":"2026-02-05T22:24:45","slug":"ciberseguridad-modulo-2","status":"publish","type":"page","link":"https:\/\/www.compuadultos.com\/2026\/ciberseguridad-modulo-2\/","title":{"rendered":"Ciberseguridad: M\u00f3dulo 2"},"content":{"rendered":"[vc_row full_width=\u00bbstretch_row\u00bb content_placement=\u00bbmiddle\u00bb remove_bottom_col_margin=\u00bbtrue\u00bb css=\u00bb.vc_custom_1770211976853{padding-top: 30px !important;padding-bottom: 30px !important;background-color: #c4b592 !important;}\u00bb][vc_column]<div class=\"vcex-module vcex-icon-box vcex-icon-box-one wpex-relative wpex-flex wpex-text-left module-title\"><div class=\"vcex-icon-box-symbol wpex-flex-shrink-0 wpex-mr-20\"><img decoding=\"async\" loading=\"lazy\" class=\"vcex-icon-box-image wpex-align-middle\" style=\"width:150px;\" src=\"https:\/\/www.compuadultos.com\/2026\/wp-content\/uploads\/2026\/02\/icon_ciber_02-150x123.png\" alt=\"\" width=\"150\" height=\"123\" \/><\/a><\/div><div class=\"vcex-icon-box-text wpex-flex-grow\"><h2 class=\"vcex-icon-box-heading wpex-heading wpex-text-md wpex-mb-10\" style=\"font-weight:600;color:#7a705a;\">M\u00d3DULO 2<\/h2><div class=\"vcex-icon-box-content wpex-last-mb-0 wpex-clr\" style=\"color:#ffffff;font-weight:600;\"><p><span style=\"font-size: 36px\"><strong>Protecci\u00f3n contra el phishing<\/strong><\/span><\/p>\n<p><span style=\"font-size: 21px\">Identificar y prevenir ataques de phishing.<\/span><\/p>\n<\/div><\/div><\/div>[\/vc_column][\/vc_row][vc_section content_placement=\u00bbmiddle\u00bb local_scroll_id=\u00bbquienes-somos\u00bb][vc_row full_width=\u00bbstretch_row_content_no_spaces\u00bb content_placement=\u00bbmiddle\u00bb equal_height=\u00bbyes\u00bb remove_bottom_col_margin=\u00bbtrue\u00bb][vc_column width=\u00bb1\/2&#8243; css=\u00bb.vc_custom_1770330219244{background-image: url(https:\/\/www.compuadultos.com\/2026\/wp-content\/uploads\/2026\/02\/compuadultos-ciberseguridad-modulo-2-sin-play.jpg?id=396) !important;background-position: center !important;background-repeat: no-repeat !important;background-size: cover !important;}\u00bb min_height=\u00bb500px\u00bb][\/vc_column][vc_column width=\u00bb1\/2&#8243; css=\u00bb.vc_custom_1622492359278{padding-top: 30px !important;padding-right: 50px !important;padding-bottom: 30px !important;padding-left: 50px !important;background-color: #424243 !important;}\u00bb min_height=\u00bb400px\u00bb][vc_custom_heading text=\u00bbM\u00f3dulo 2 \u2013 Protecci\u00f3n contra phishing\u00bb font_container=\u00bbtag:h2|font_size:30px|text_align:left\u00bb use_theme_fonts=\u00bbyes\u00bb el_class=\u00bbtitulos-white\u00bb css=\u00bb.vc_custom_1770330144982{padding-bottom: 20px !important;}\u00bb][vc_separator color=\u00bbcustom\u00bb align=\u00bbalign_left\u00bb border_width=\u00bb2&#8243; el_width=\u00bb10&#8243; accent_color=\u00bb#f32735&#8243;][vc_column_text css=\u00bb.vc_custom_1770330151025{padding-top: 40px !important;}\u00bb color=\u00bb#ffffff\u00bb]El phishing es una t\u00e9cnica de enga\u00f1o utilizada para obtener informaci\u00f3n personal mediante correos, mensajes o sitios falsos que simulan ser leg\u00edtimos. En este m\u00f3dulo se explican las principales caracter\u00edsticas de este tipo de estafas y se brindan herramientas pr\u00e1cticas para reconocerlas y evitar caer en ellas.[\/vc_column_text][\/vc_column][\/vc_row][\/vc_section][vc_row full_width=\u00bbstretch_row\u00bb content_placement=\u00bbmiddle\u00bb remove_bottom_col_margin=\u00bbtrue\u00bb css=\u00bb.vc_custom_1770148824383{padding-top: 6px !important;padding-bottom: 6px !important;background-color: #ded1b5 !important;}\u00bb][vc_column][vc_column_text color=\u00bb#7a705a\u00bb]<span style=\"font-size: 21px;\"><strong>Cuestionario de autoevaluaci\u00f3n:<\/strong><\/span>[\/vc_column_text][\/vc_column][\/vc_row][vc_row full_width=\u00bbstretch_row\u00bb content_placement=\u00bbmiddle\u00bb remove_bottom_col_margin=\u00bbtrue\u00bb css=\u00bb.vc_custom_1770149408561{padding-top: 30px !important;padding-bottom: 30px !important;background-color: #cec0a2 !important;}\u00bb][vc_column][vc_raw_html]JTNDZGl2JTIwc3R5bGUlM0QlMjJjb2xvciUzQSUyMCUyMzdhNzA1YSUzQiUyMiUzRSUwQSUwQSUyMCUyMCUzQ3AlMjBzdHlsZSUzRCUyMm1hcmdpbiUzQSUyMDAlMjAwJTIwMTVweCUyMDAlM0IlMjIlM0UlM0NzdHJvbmclM0UlQzIlQkZDdSVDMyVBMWwlMjBlcyUyMHVuYSUyMHNlJUMzJUIxYWwlMjBjbGFyYSUyMGRlJTIwcXVlJTIwdW4lMjBjb3JyZW8lMjBvJTIwbWVuc2FqZSUyMHB1ZWRlJTIwc2VyJTIwcGhpc2hpbmclM0YlM0MlMkZzdHJvbmclM0UlM0MlMkZwJTNFJTBBJTBBJTIwJTIwJTNDZGl2JTIwc3R5bGUlM0QlMjJkaXNwbGF5JTNBJTIwZ3JpZCUzQiUyMGdhcCUzQSUyMDMwcHglM0IlMjIlM0UlMEElMjAlMjAlMjAlMjAlM0NsYWJlbCUyMHN0eWxlJTNEJTIyY3Vyc29yJTNBJTIwcG9pbnRlciUzQiUyMiUzRSUwQSUyMCUyMCUyMCUyMCUyMCUyMCUzQ2lucHV0JTIwdHlwZSUzRCUyMnJhZGlvJTIyJTIwbmFtZSUzRCUyMnJlc3B1ZXN0YSUyMiUyMHZhbHVlJTNEJTIyYSUyMiUzRUElMjklMjBWaWVuZSUyMGRlJTIwdW5hJTIwcGVyc29uYSUyMGNvbm9jaWRhLiUwQSUyMCUyMCUyMCUyMCUzQyUyRmxhYmVsJTNFJTBBJTBBJTIwJTIwJTIwJTIwJTNDbGFiZWwlMjBzdHlsZSUzRCUyMmN1cnNvciUzQSUyMHBvaW50ZXIlM0IlMjIlM0UlMEElMjAlMjAlMjAlMjAlMjAlMjAlM0NpbnB1dCUyMHR5cGUlM0QlMjJyYWRpbyUyMiUyMG5hbWUlM0QlMjJyZXNwdWVzdGElMjIlMjB2YWx1ZSUzRCUyMmIlMjIlM0VCJTI5JTIwUGlkZSUyMGRhdG9zJTIwcGVyc29uYWxlcyUyMG8lMjBjb250cmFzZSVDMyVCMWFzJTIwY29uJTIwdXJnZW5jaWEuJTBBJTIwJTIwJTIwJTIwJTNDJTJGbGFiZWwlM0UlMEElMEElMjAlMjAlMjAlMjAlM0NsYWJlbCUyMHN0eWxlJTNEJTIyY3Vyc29yJTNBJTIwcG9pbnRlciUzQiUyMiUzRSUwQSUyMCUyMCUyMCUyMCUyMCUyMCUzQ2lucHV0JTIwdHlwZSUzRCUyMnJhZGlvJTIyJTIwbmFtZSUzRCUyMnJlc3B1ZXN0YSUyMiUyMHZhbHVlJTNEJTIyYyUyMiUzRUMlMjklMjBUaWVuZSUyMGltJUMzJUExZ2VuZXMlMjB5JTIwY29sb3JlcyUyMGxsYW1hdGl2b3MuJTBBJTIwJTIwJTIwJTIwJTNDJTJGbGFiZWwlM0UlMEElMjAlMjAlM0MlMkZkaXYlM0UlMEElMEElMjAlMjAlM0NiciUzRSUwQSUyMCUyMCUzQ2J1dHRvbiUyMHR5cGUlM0QlMjJidXR0b24lMjIlMjBvbmNsaWNrJTNEJTIydmVyaWZpY2FyUmVzcHVlc3RhJTI4JTI5JTIyJTIwc3R5bGUlM0QlMjJiYWNrZ3JvdW5kLWNvbG9yJTNBJTIwJTIzNGE0YTRhJTNCJTIwY29sb3IlM0ElMjB3aGl0ZSUzQiUyMHBhZGRpbmclM0ElMjA4cHglMjAyMHB4JTNCJTIwYm9yZGVyJTNBJTIwbm9uZSUzQiUyMGN1cnNvciUzQSUyMHBvaW50ZXIlM0IlMjIlM0VFbnZpYXIlM0MlMkZidXR0b24lM0UlMEElMEElMjAlMjAlM0NwJTIwaWQlM0QlMjJyZXN1bHRhZG8lMjIlMjBzdHlsZSUzRCUyMm1hcmdpbi10b3AlM0ElMjAxNXB4JTNCJTIwZm9udC13ZWlnaHQlM0ElMjBib2xkJTNCJTIyJTNFJTNDJTJGcCUzRSUwQSUzQyUyRmRpdiUzRSUwQSUwQSUzQ3NjcmlwdCUzRSUwQWZ1bmN0aW9uJTIwdmVyaWZpY2FyUmVzcHVlc3RhJTI4JTI5JTIwJTdCJTBBJTIwJTIwdmFyJTIwcmVzcHVlc3RhU2VsZWNjaW9uYWRhJTIwJTNEJTIwZG9jdW1lbnQucXVlcnlTZWxlY3RvciUyOCUyN2lucHV0JTVCbmFtZSUzRCUyMnJlc3B1ZXN0YSUyMiU1RCUzQWNoZWNrZWQlMjclMjklM0IlMEElMjAlMjB2YXIlMjByZXN1bHRhZG8lMjAlM0QlMjBkb2N1bWVudC5nZXRFbGVtZW50QnlJZCUyOCUyN3Jlc3VsdGFkbyUyNyUyOSUzQiUwQSUwQSUyMCUyMGlmJTIwJTI4JTIxcmVzcHVlc3RhU2VsZWNjaW9uYWRhJTI5JTIwJTdCJTBBJTIwJTIwJTIwJTIwcmVzdWx0YWRvLmlubmVySFRNTCUyMCUzRCUyMCUyN1BvciUyMGZhdm9yJTJDJTIwc2VsZWNjaW9uYSUyMHVuYSUyMHJlc3B1ZXN0YS4lMjclM0IlMEElMjAlMjAlMjAlMjByZXN1bHRhZG8uc3R5bGUuY29sb3IlMjAlM0QlMjAlMjclMjM2NjYlMjclM0IlMEElMjAlMjAlMjAlMjByZXR1cm4lM0IlMEElMjAlMjAlN0QlMEElMEElMkYlMkYlMjBEZXNoYWJpbGl0YXIlMjB0b2RhcyUyMGxhcyUyMG9wY2lvbmVzJTBBJTIwJTIwdmFyJTIwb3BjaW9uZXMlMjAlM0QlMjBkb2N1bWVudC5xdWVyeVNlbGVjdG9yQWxsJTI4JTI3aW5wdXQlNUJuYW1lJTNEJTIycmVzcHVlc3RhJTIyJTVEJTI3JTI5JTNCJTBBJTIwJTIwb3BjaW9uZXMuZm9yRWFjaCUyOGZ1bmN0aW9uJTI4b3BjaW9uJTI5JTIwJTdCJTBBJTIwJTIwJTIwJTIwb3BjaW9uLmRpc2FibGVkJTIwJTNEJTIwdHJ1ZSUzQiUwQSUyMCUyMCU3RCUyOSUzQiUwQSUwQSUyMCUyMGlmJTIwJTI4cmVzcHVlc3RhU2VsZWNjaW9uYWRhLnZhbHVlJTIwJTNEJTNEJTNEJTIwJTI3YiUyNyUyOSUyMCU3QiUwQSUyMCUyMCUyMCUyMHJlc3VsdGFkby5pbm5lckhUTUwlMjAlM0QlMjAlMjdSZXNwdWVzdGElMjBjb3JyZWN0YSUyNyUzQiUwQSUyMCUyMCUyMCUyMHJlc3VsdGFkby5zdHlsZS5jb2xvciUyMCUzRCUyMCUyN2dyZWVuJTI3JTNCJTBBJTIwJTIwJTdEJTIwZWxzZSUyMCU3QiUwQSUyMCUyMCUyMCUyMHJlc3VsdGFkby5pbm5lckhUTUwlMjAlM0QlMjAlMjdSZXNwdWVzdGElMjBpbmNvcnJlY3RhLiUyMENvbnN1bHRlJTIwYWwlMjBkb2NlbnRlJTI3JTNCJTBBJTIwJTIwJTIwJTIwcmVzdWx0YWRvLnN0eWxlLmNvbG9yJTIwJTNEJTIwJTI3cmVkJTI3JTNCJTBBJTIwJTIwJTdEJTBBJTdEJTBBJTNDJTJGc2NyaXB0JTNFJTBB[\/vc_raw_html][\/vc_column][\/vc_row][vc_row full_width=\u00bbstretch_row_content\u00bb remove_bottom_col_margin=\u00bbtrue\u00bb css=\u00bb.vc_custom_1770329880902{padding-bottom: 18px !important;}\u00bb][vc_column width=\u00bb1\/6&#8243;][\/vc_column][vc_column width=\u00bb1\/6&#8243;][\/vc_column][vc_column width=\u00bb1\/6&#8243;][\/vc_column][vc_column width=\u00bb1\/6&#8243;][\/vc_column][vc_column width=\u00bb1\/6&#8243;][\/vc_column][vc_column width=\u00bb1\/6&#8243;][vc_column_text el_class=\u00bbir-a-modulo\u00bb css=\u00bb.vc_custom_1770330177658{margin-top: 20px !important;}\u00bb]\n<p style=\"text-align: center;\"><strong>IR A M\u00d3DULO 3 <\/strong><a href=\"https:\/\/www.compuadultos.com\/2026\/ciberseguridad-modulo-3\/\"><span class=\"ticon ticon-long-arrow-right\"><\/span><\/a><\/p>\n[\/vc_column_text][\/vc_column][\/vc_row]\n","protected":false},"excerpt":{"rendered":"<p>[vc_row full_width=\u00bbstretch_row\u00bb content_placement=\u00bbmiddle\u00bb remove_bottom_col_margin=\u00bbtrue\u00bb css=\u00bb.vc_custom_1770211976853{padding-top: 30px !important;padding-bottom: 30px !important;background-color: #c4b592 !important;}\u00bb][vc_column][\/vc_column][\/vc_row][vc_section content_placement=\u00bbmiddle\u00bb local_scroll_id=\u00bbquienes-somos\u00bb][vc_row full_width=\u00bbstretch_row_content_no_spaces\u00bb content_placement=\u00bbmiddle\u00bb equal_height=\u00bbyes\u00bb remove_bottom_col_margin=\u00bbtrue\u00bb][vc_column width=\u00bb1\/2&#8243; css=\u00bb.vc_custom_1770330219244{background-image: url(https:\/\/www.compuadultos.com\/2026\/wp-content\/uploads\/2026\/02\/compuadultos-ciberseguridad-modulo-2-sin-play.jpg?id=396) !important;background-position: center !important;background-repeat: no-repeat !important;background-size: cover !important;}\u00bb min_height=\u00bb500px\u00bb][\/vc_column][vc_column width=\u00bb1\/2&#8243; css=\u00bb.vc_custom_1622492359278{padding-top: 30px !important;padding-right: 50px !important;padding-bottom: 30px !important;padding-left: 50px !important;background-color: #424243 !important;}\u00bb&hellip;<\/p>\n","protected":false},"author":1,"featured_media":0,"parent":0,"menu_order":0,"comment_status":"closed","ping_status":"closed","template":"","meta":{"footnotes":""},"class_list":["post-322","page","type-page","status-publish","hentry","entry","no-media"],"_links":{"self":[{"href":"https:\/\/www.compuadultos.com\/2026\/wp-json\/wp\/v2\/pages\/322","targetHints":{"allow":["GET"]}}],"collection":[{"href":"https:\/\/www.compuadultos.com\/2026\/wp-json\/wp\/v2\/pages"}],"about":[{"href":"https:\/\/www.compuadultos.com\/2026\/wp-json\/wp\/v2\/types\/page"}],"author":[{"embeddable":true,"href":"https:\/\/www.compuadultos.com\/2026\/wp-json\/wp\/v2\/users\/1"}],"replies":[{"embeddable":true,"href":"https:\/\/www.compuadultos.com\/2026\/wp-json\/wp\/v2\/comments?post=322"}],"version-history":[{"count":8,"href":"https:\/\/www.compuadultos.com\/2026\/wp-json\/wp\/v2\/pages\/322\/revisions"}],"predecessor-version":[{"id":397,"href":"https:\/\/www.compuadultos.com\/2026\/wp-json\/wp\/v2\/pages\/322\/revisions\/397"}],"wp:attachment":[{"href":"https:\/\/www.compuadultos.com\/2026\/wp-json\/wp\/v2\/media?parent=322"}],"curies":[{"name":"wp","href":"https:\/\/api.w.org\/{rel}","templated":true}]}}